{"id":1173,"date":"2019-08-09T09:41:33","date_gmt":"2019-08-09T08:41:33","guid":{"rendered":"http:\/\/tangomalo.fr\/?page_id=1173"},"modified":"2019-08-11T18:42:31","modified_gmt":"2019-08-11T17:42:31","slug":"festival-2018","status":"publish","type":"page","link":"https:\/\/tangomalo.fr\/index.php\/bienvenue\/historique\/festival-2018\/","title":{"rendered":"festival 2018"},"content":{"rendered":"<p><span style=\"color: #333333;\">d\u00e9mo Fran\u00e7ois Saulnier &amp; Florencia Segura &#8211;<\/span> <a href=\"https:\/\/youtu.be\/BCNPO_uQOM\">milonga<\/a><\/p>\n<p><span style=\"color: #333333;\">d\u00e9mo Fran\u00e7ois Saulnier &amp; Florencia Segura &#8211;<\/span> <a href=\"https:\/\/youtu.be\/IKzJdqlZyJc\">tango<\/a><\/p>\n<p><span style=\"color: #333333;\">d\u00e9mo Fran\u00e7ois Saulnier &amp; Florencia Segura &#8211;<\/span> <a href=\"https:\/\/youtu.be\/nvKYDQp5TCs\">rappel<\/a><\/p>\n","protected":false},"excerpt":{"rendered":"<p>d\u00e9mo Fran\u00e7ois Saulnier &amp; Florencia Segura &#8211; milonga d\u00e9mo Fran\u00e7ois Saulnier &amp; Florencia Segura &#8211; tango d\u00e9mo Fran\u00e7ois Saulnier &amp; Florencia Segura &#8211; rappel<\/p>\n","protected":false},"author":1,"featured_media":0,"parent":101,"menu_order":2,"comment_status":"closed","ping_status":"closed","template":"","meta":{"_et_pb_use_builder":"","_et_pb_old_content":"","_et_gb_content_width":"","footnotes":""},"class_list":["post-1173","page","type-page","status-publish","hentry"],"_links":{"self":[{"href":"https:\/\/tangomalo.fr\/index.php\/wp-json\/wp\/v2\/pages\/1173","targetHints":{"allow":["GET"]}}],"collection":[{"href":"https:\/\/tangomalo.fr\/index.php\/wp-json\/wp\/v2\/pages"}],"about":[{"href":"https:\/\/tangomalo.fr\/index.php\/wp-json\/wp\/v2\/types\/page"}],"author":[{"embeddable":true,"href":"https:\/\/tangomalo.fr\/index.php\/wp-json\/wp\/v2\/users\/1"}],"replies":[{"embeddable":true,"href":"https:\/\/tangomalo.fr\/index.php\/wp-json\/wp\/v2\/comments?post=1173"}],"version-history":[{"count":4,"href":"https:\/\/tangomalo.fr\/index.php\/wp-json\/wp\/v2\/pages\/1173\/revisions"}],"predecessor-version":[{"id":1192,"href":"https:\/\/tangomalo.fr\/index.php\/wp-json\/wp\/v2\/pages\/1173\/revisions\/1192"}],"up":[{"embeddable":true,"href":"https:\/\/tangomalo.fr\/index.php\/wp-json\/wp\/v2\/pages\/101"}],"wp:attachment":[{"href":"https:\/\/tangomalo.fr\/index.php\/wp-json\/wp\/v2\/media?parent=1173"}],"curies":[{"name":"wp","href":"https:\/\/api.w.org\/{rel}","templated":true}]}}